{"id":5764,"date":"2022-09-07T12:15:39","date_gmt":"2022-09-07T10:15:39","guid":{"rendered":"https:\/\/spank.si\/pravna-obvestila\/"},"modified":"2023-05-19T14:27:09","modified_gmt":"2023-05-19T12:27:09","slug":"pravna-obvestila","status":"publish","type":"page","link":"https:\/\/spank.si\/en\/pravna-obvestila\/","title":{"rendered":"Pravna obvestila"},"content":{"rendered":"\t\t<div data-elementor-type=\"wp-page\" data-elementor-id=\"5764\" class=\"elementor elementor-5764 elementor-4910\">\n\t\t\t\t\t\t<header class=\"elementor-section elementor-top-section elementor-element elementor-element-bb07eba elementor-section-height-min-height elementor-section-items-top elementor-section-boxed elementor-section-height-default\" data-id=\"bb07eba\" data-element_type=\"section\" data-e-type=\"section\" data-settings=\"{&quot;background_background&quot;:&quot;classic&quot;}\">\n\t\t\t\t\t\t<div class=\"elementor-container elementor-column-gap-default\">\n\t\t\t\t\t<div class=\"elementor-column elementor-col-100 elementor-top-column elementor-element elementor-element-e2bd734\" data-id=\"e2bd734\" data-element_type=\"column\" data-e-type=\"column\">\n\t\t\t<div class=\"elementor-widget-wrap elementor-element-populated\">\n\t\t\t\t\t\t<div class=\"elementor-element elementor-element-9d010bb heading-text-stroke single-heading-text-stroke  elementor-widget elementor-widget-heading\" data-id=\"9d010bb\" data-element_type=\"widget\" data-e-type=\"widget\" data-widget_type=\"heading.default\">\n\t\t\t\t<div class=\"elementor-widget-container\">\n\t\t\t\t\t<h2 class=\"elementor-heading-title elementor-size-default\">Pravna obvestila<\/h2>\t\t\t\t<\/div>\n\t\t\t\t<\/div>\n\t\t\t\t<section class=\"elementor-section elementor-inner-section elementor-element elementor-element-9bf6e12 elementor-section-boxed elementor-section-height-default elementor-section-height-default\" data-id=\"9bf6e12\" data-element_type=\"section\" data-e-type=\"section\" data-settings=\"{&quot;background_background&quot;:&quot;classic&quot;}\">\n\t\t\t\t\t\t<div class=\"elementor-container elementor-column-gap-default\">\n\t\t\t\t\t<div class=\"elementor-column elementor-col-100 elementor-inner-column elementor-element elementor-element-b1d88f8\" data-id=\"b1d88f8\" data-element_type=\"column\" data-e-type=\"column\">\n\t\t\t<div class=\"elementor-widget-wrap elementor-element-populated\">\n\t\t\t\t\t\t<div class=\"elementor-element elementor-element-4b2f65e elementor-widget elementor-widget-heading\" data-id=\"4b2f65e\" data-element_type=\"widget\" data-e-type=\"widget\" data-widget_type=\"heading.default\">\n\t\t\t\t<div class=\"elementor-widget-container\">\n\t\t\t\t\t<h5 class=\"elementor-heading-title elementor-size-default\">Pogoji uporabe<\/h5>\t\t\t\t<\/div>\n\t\t\t\t<\/div>\n\t\t\t\t<div class=\"elementor-element elementor-element-96f99e6 elementor-widget elementor-widget-text-editor\" data-id=\"96f99e6\" data-element_type=\"widget\" data-e-type=\"widget\" data-widget_type=\"text-editor.default\">\n\t\t\t\t<div class=\"elementor-widget-container\">\n\t\t\t\t\t\t\t\t\t<p>Vstop in ogled kateregakoli dela spletne strani mariborbikepark.si pomeni, da se strinjate z vsemi tukaj navedenimi omejitvami in pogoji uporabe. \u010ce se ne strinjate vas prosimo, da te strani ne uporabljate. Priporo\u010damo vam, da ob\u010dasno pregledate veljavne Pogoje uporabe oz. dolo\u010dbe o varovanju zasebnosti.<\/p>\t\t\t\t\t\t\t\t<\/div>\n\t\t\t\t<\/div>\n\t\t\t\t<div class=\"elementor-element elementor-element-323952e elementor-widget elementor-widget-heading\" data-id=\"323952e\" data-element_type=\"widget\" data-e-type=\"widget\" data-widget_type=\"heading.default\">\n\t\t\t\t<div class=\"elementor-widget-container\">\n\t\t\t\t\t<h5 class=\"elementor-heading-title elementor-size-default\"><h5 data-elementor-setting-key=\"title\" data-pen-placeholder=\"Type Here...\" style=\"text-transform: uppercase\">Omejitev odgovornosti<\/h5><\/h5>\t\t\t\t<\/div>\n\t\t\t\t<\/div>\n\t\t\t\t<div class=\"elementor-element elementor-element-1e0f60b elementor-widget elementor-widget-text-editor\" data-id=\"1e0f60b\" data-element_type=\"widget\" data-e-type=\"widget\" data-widget_type=\"text-editor.default\">\n\t\t\t\t<div class=\"elementor-widget-container\">\n\t\t\t\t\t\t\t\t\t<p>SPANKI d.o.o. ureja spletne strani s potrebno skrbnostjo. Kljub temu ne prevzema odgovornosti za njihovo to\u010dnost in celovitost. Pridr\u017euje si pravico, da kadarkoli in na kakr\u0161enkoli na\u010din spremeni vsebino te spletne strani, ne glede na razlog in brez predhodnega obvestila. Vsi uporabniki vso objavljeno vsebino uporabljajo na lastno odgovornost. Zato SPANKI d.o.o. ali katerakoli pravna ali fizi\u010dna oseba, ki je sodelovala pri pripravi in izdelavi teh spletnih strani, v nobenem primeru ne odgovarja za kakr\u0161nokoli \u0161kodo, ki bi izhajala iz ali bi bila v zvezi z dostopom do, uporabo in oziroma nezmo\u017enostjo uporabe informacij na teh spletnih straneh in oziroma za kakr\u0161nekoli napake ali pomanjkljivosti v njihovi vsebini.<\/p>\t\t\t\t\t\t\t\t<\/div>\n\t\t\t\t<\/div>\n\t\t\t\t<div class=\"elementor-element elementor-element-6f4427d elementor-widget elementor-widget-heading\" data-id=\"6f4427d\" data-element_type=\"widget\" data-e-type=\"widget\" data-widget_type=\"heading.default\">\n\t\t\t\t<div class=\"elementor-widget-container\">\n\t\t\t\t\t<h5 class=\"elementor-heading-title elementor-size-default\"><h5 data-elementor-setting-key=\"title\" data-pen-placeholder=\"Type Here...\" style=\"text-transform: uppercase\">Pravice intelektualne lastnine<\/h5><\/h5>\t\t\t\t<\/div>\n\t\t\t\t<\/div>\n\t\t\t\t<div class=\"elementor-element elementor-element-330f5e3 elementor-widget elementor-widget-text-editor\" data-id=\"330f5e3\" data-element_type=\"widget\" data-e-type=\"widget\" data-widget_type=\"text-editor.default\">\n\t\t\t\t<div class=\"elementor-widget-container\">\n\t\t\t\t\t\t\t\t\t<p>Vse informacije in podobe na spletnih straneh mariborbikepark.si so v zakonsko dovoljenem okviru predmet avtorske za\u0161\u010dite ali druge oblike za\u0161\u010dite intelektualne lastnine. Slike so last podjetja SPANKI d.o.o. Dokumenti na teh spletnih straneh so lahko reproducirani le v nekomercialne namene in za osebno rabo, pri \u010demer morajo ohraniti vsa navedena opozorila o avtorskih ali drugih pravicah. Kopiranje, prepisovanje, razmno\u017eevanje, spreminjanje ali druga\u010dno raz\u0161irjanje informacij s teh spletnih strani v komercialne namene je brez izrecnega pisnega soglasja podjetja SPANKI d.o.o. prepovedano.<\/p>\t\t\t\t\t\t\t\t<\/div>\n\t\t\t\t<\/div>\n\t\t\t\t<div class=\"elementor-element elementor-element-57b13d4 elementor-widget elementor-widget-heading\" data-id=\"57b13d4\" data-element_type=\"widget\" data-e-type=\"widget\" data-widget_type=\"heading.default\">\n\t\t\t\t<div class=\"elementor-widget-container\">\n\t\t\t\t\t<h5 class=\"elementor-heading-title elementor-size-default\"><h5 data-elementor-setting-key=\"title\" data-pen-placeholder=\"Type Here...\" style=\"text-transform: uppercase\">Varnost<\/h5><\/h5>\t\t\t\t<\/div>\n\t\t\t\t<\/div>\n\t\t\t\t<div class=\"elementor-element elementor-element-90a6851 elementor-widget elementor-widget-text-editor\" data-id=\"90a6851\" data-element_type=\"widget\" data-e-type=\"widget\" data-widget_type=\"text-editor.default\">\n\t\t\t\t<div class=\"elementor-widget-container\">\n\t\t\t\t\t\t\t\t\t<p>SPANKI d.o.o. uporablja tehni\u010dne in organizacijske varnostne ukrepe, ki va\u0161e podatke varujejo pred manipulacijo, izgubo, uni\u010denjem ali nepoobla\u0161\u010denim dostopom. Za zagotovitev varnosti in zaupnosti osebnih podatkov, ki jih zbiramo na spletu, uporabljamo tudi standardni po\u017earni zid in za\u0161\u010dito gesla. Pri ravnanju z va\u0161imi osebnimi podatki izvajamo ukrepe, ki so zasnovani tako, da te podatke za\u0161\u010ditijo pred izgubo, neustrezno uporabo, nepoobla\u0161\u010denim dostopom, razkritjem, spremembo ali uni\u010denjem. Podatkov v vseh primerih sicer ne moremo zavarovati pred kakr\u0161nokoli izgubo, neustrezno uporabo, nepoobla\u0161\u010denim dostopom, razkritjem, spremembo ali uni\u010denjem, prizadevamo pa si prepre\u010diti take nesre\u010dne dogodke.<\/p>\t\t\t\t\t\t\t\t<\/div>\n\t\t\t\t<\/div>\n\t\t\t\t<div class=\"elementor-element elementor-element-aa57118 elementor-widget elementor-widget-heading\" data-id=\"aa57118\" data-element_type=\"widget\" data-e-type=\"widget\" data-widget_type=\"heading.default\">\n\t\t\t\t<div class=\"elementor-widget-container\">\n\t\t\t\t\t<h5 class=\"elementor-heading-title elementor-size-default\"><h5 data-elementor-setting-key=\"title\" data-pen-placeholder=\"Type Here...\" style=\"text-transform: uppercase\">Stik z nami<\/h5><\/h5>\t\t\t\t<\/div>\n\t\t\t\t<\/div>\n\t\t\t\t<div class=\"elementor-element elementor-element-f663033 elementor-widget elementor-widget-text-editor\" data-id=\"f663033\" data-element_type=\"widget\" data-e-type=\"widget\" data-widget_type=\"text-editor.default\">\n\t\t\t\t<div class=\"elementor-widget-container\">\n\t\t\t\t\t\t\t\t\t<p>V primeru te\u017eav, vpra\u0161anj ali vpogleda, popravka, blokiranja in izbrisa va\u0161ih osebnih podatkov se obrnite na: SPANKI d.o.o., Ulica heroja Tom\u0161i\u010da 9, 2000 Maribor; <a style=\"color: #424242; text-decoration: underline;\" href=\"mailto:info@spank.si\">info@spank.si<\/a>.<\/p><p>Nenehni razvoj spleta zahteva ob\u010dasno spreminjanje na\u0161ega pravnega obvestila. Pridr\u017eujemo si pravico do teh sprememb.<\/p><p>Upravljavec te spletne strani je SPANKI d.o.o.<\/p>\t\t\t\t\t\t\t\t<\/div>\n\t\t\t\t<\/div>\n\t\t\t\t\t<\/div>\n\t\t<\/div>\n\t\t\t\t\t<\/div>\n\t\t<\/section>\n\t\t\t\t<div class=\"elementor-element elementor-element-cf237a7 elementor-absolute e-transform elementor-widget elementor-widget-image\" data-id=\"cf237a7\" data-element_type=\"widget\" data-e-type=\"widget\" data-settings=\"{&quot;_position&quot;:&quot;absolute&quot;,&quot;_transform_rotateZ_effect&quot;:{&quot;unit&quot;:&quot;px&quot;,&quot;size&quot;:-25,&quot;sizes&quot;:[]},&quot;_transform_rotateZ_effect_tablet_extra&quot;:{&quot;unit&quot;:&quot;deg&quot;,&quot;size&quot;:&quot;&quot;,&quot;sizes&quot;:[]},&quot;_transform_rotateZ_effect_tablet&quot;:{&quot;unit&quot;:&quot;deg&quot;,&quot;size&quot;:&quot;&quot;,&quot;sizes&quot;:[]},&quot;_transform_rotateZ_effect_mobile_extra&quot;:{&quot;unit&quot;:&quot;deg&quot;,&quot;size&quot;:&quot;&quot;,&quot;sizes&quot;:[]},&quot;_transform_rotateZ_effect_mobile&quot;:{&quot;unit&quot;:&quot;deg&quot;,&quot;size&quot;:&quot;&quot;,&quot;sizes&quot;:[]}}\" data-widget_type=\"image.default\">\n\t\t\t\t<div class=\"elementor-widget-container\">\n\t\t\t\t\t\t\t\t\t\t\t\t\t\t\t<img fetchpriority=\"high\" decoding=\"async\" width=\"800\" height=\"164\" src=\"https:\/\/spank.si\/wp-content\/uploads\/2022\/09\/header-dots-right.svg\" class=\"attachment-large size-large wp-image-4235\" alt=\"\" \/>\t\t\t\t\t\t\t\t\t\t\t\t\t\t\t<\/div>\n\t\t\t\t<\/div>\n\t\t\t\t\t<\/div>\n\t\t<\/div>\n\t\t\t\t\t<\/div>\n\t\t<\/header>\n\t\t\t\t<\/div>\n\t\t","protected":false},"excerpt":{"rendered":"<p>Pravna obvestila Pogoji uporabe Vstop in ogled kateregakoli dela spletne strani mariborbikepark.si pomeni, da se strinjate z vsemi tukaj navedenimi omejitvami in pogoji uporabe. \u010ce se ne strinjate vas prosimo, da te strani ne uporabljate. Priporo\u010damo vam, da ob\u010dasno pregledate veljavne Pogoje uporabe oz. dolo\u010dbe o varovanju zasebnosti. Omejitev odgovornosti SPANKI d.o.o. ureja spletne strani [&hellip;]<\/p>\n","protected":false},"author":3,"featured_media":0,"parent":0,"menu_order":0,"comment_status":"closed","ping_status":"closed","template":"elementor_header_footer","meta":{"_acf_changed":false,"inline_featured_image":false,"footnotes":""},"class_list":["post-5764","page","type-page","status-publish","hentry"],"acf":[],"yoast_head":"<!-- This site is optimized with the Yoast SEO plugin v27.3 - https:\/\/yoast.com\/product\/yoast-seo-wordpress\/ -->\n<title>Pravna obvestila &#8211; Spank<\/title>\n<meta name=\"robots\" content=\"index, follow, max-snippet:-1, max-image-preview:large, max-video-preview:-1\" \/>\n<link rel=\"canonical\" href=\"https:\/\/spank.si\/en\/pravna-obvestila\/\" \/>\n<meta property=\"og:locale\" content=\"en_US\" \/>\n<meta property=\"og:type\" content=\"article\" \/>\n<meta property=\"og:title\" content=\"Pravna obvestila &#8211; Spank\" \/>\n<meta property=\"og:description\" content=\"Pravna obvestila Pogoji uporabe Vstop in ogled kateregakoli dela spletne strani mariborbikepark.si pomeni, da se strinjate z vsemi tukaj navedenimi omejitvami in pogoji uporabe. \u010ce se ne strinjate vas prosimo, da te strani ne uporabljate. Priporo\u010damo vam, da ob\u010dasno pregledate veljavne Pogoje uporabe oz. dolo\u010dbe o varovanju zasebnosti. Omejitev odgovornosti SPANKI d.o.o. ureja spletne strani [&hellip;]\" \/>\n<meta property=\"og:url\" content=\"https:\/\/spank.si\/en\/pravna-obvestila\/\" \/>\n<meta property=\"og:site_name\" content=\"Spank\" \/>\n<meta property=\"article:publisher\" content=\"https:\/\/www.facebook.com\/VisitMaribor\/\" \/>\n<meta property=\"article:modified_time\" content=\"2023-05-19T12:27:09+00:00\" \/>\n<meta property=\"og:image\" content=\"https:\/\/spank.si\/wp-content\/uploads\/2022\/09\/header-dots-right.svg\" \/>\n<meta name=\"twitter:card\" content=\"summary_large_image\" \/>\n<meta name=\"twitter:label1\" content=\"Est. reading time\" \/>\n\t<meta name=\"twitter:data1\" content=\"3 minutes\" \/>\n<script type=\"application\/ld+json\" class=\"yoast-schema-graph\">{\"@context\":\"https:\\\/\\\/schema.org\",\"@graph\":[{\"@type\":\"WebPage\",\"@id\":\"https:\\\/\\\/spank.si\\\/en\\\/pravna-obvestila\\\/\",\"url\":\"https:\\\/\\\/spank.si\\\/en\\\/pravna-obvestila\\\/\",\"name\":\"Pravna obvestila &#8211; Spank\",\"isPartOf\":{\"@id\":\"https:\\\/\\\/spank.si\\\/en\\\/#website\"},\"primaryImageOfPage\":{\"@id\":\"https:\\\/\\\/spank.si\\\/en\\\/pravna-obvestila\\\/#primaryimage\"},\"image\":{\"@id\":\"https:\\\/\\\/spank.si\\\/en\\\/pravna-obvestila\\\/#primaryimage\"},\"thumbnailUrl\":\"https:\\\/\\\/spank.si\\\/wp-content\\\/uploads\\\/2022\\\/09\\\/header-dots-right.svg\",\"datePublished\":\"2022-09-07T10:15:39+00:00\",\"dateModified\":\"2023-05-19T12:27:09+00:00\",\"breadcrumb\":{\"@id\":\"https:\\\/\\\/spank.si\\\/en\\\/pravna-obvestila\\\/#breadcrumb\"},\"inLanguage\":\"en-US\",\"potentialAction\":[{\"@type\":\"ReadAction\",\"target\":[\"https:\\\/\\\/spank.si\\\/en\\\/pravna-obvestila\\\/\"]}]},{\"@type\":\"ImageObject\",\"inLanguage\":\"en-US\",\"@id\":\"https:\\\/\\\/spank.si\\\/en\\\/pravna-obvestila\\\/#primaryimage\",\"url\":\"https:\\\/\\\/spank.si\\\/wp-content\\\/uploads\\\/2022\\\/09\\\/header-dots-right.svg\",\"contentUrl\":\"https:\\\/\\\/spank.si\\\/wp-content\\\/uploads\\\/2022\\\/09\\\/header-dots-right.svg\"},{\"@type\":\"BreadcrumbList\",\"@id\":\"https:\\\/\\\/spank.si\\\/en\\\/pravna-obvestila\\\/#breadcrumb\",\"itemListElement\":[{\"@type\":\"ListItem\",\"position\":1,\"name\":\"Domov\",\"item\":\"https:\\\/\\\/spank.si\\\/en\\\/\"},{\"@type\":\"ListItem\",\"position\":2,\"name\":\"Pravna obvestila\"}]},{\"@type\":\"WebSite\",\"@id\":\"https:\\\/\\\/spank.si\\\/en\\\/#website\",\"url\":\"https:\\\/\\\/spank.si\\\/en\\\/\",\"name\":\"Spank\",\"description\":\"\",\"publisher\":{\"@id\":\"https:\\\/\\\/spank.si\\\/en\\\/#organization\"},\"potentialAction\":[{\"@type\":\"SearchAction\",\"target\":{\"@type\":\"EntryPoint\",\"urlTemplate\":\"https:\\\/\\\/spank.si\\\/en\\\/?s={search_term_string}\"},\"query-input\":{\"@type\":\"PropertyValueSpecification\",\"valueRequired\":true,\"valueName\":\"search_term_string\"}}],\"inLanguage\":\"en-US\"},{\"@type\":\"Organization\",\"@id\":\"https:\\\/\\\/spank.si\\\/en\\\/#organization\",\"name\":\"Visit Maribor\",\"url\":\"https:\\\/\\\/spank.si\\\/en\\\/\",\"logo\":{\"@type\":\"ImageObject\",\"inLanguage\":\"en-US\",\"@id\":\"https:\\\/\\\/spank.si\\\/en\\\/#\\\/schema\\\/logo\\\/image\\\/\",\"url\":\"https:\\\/\\\/spank.si\\\/wp-content\\\/uploads\\\/2021\\\/10\\\/visitmaribor_logo.svg\",\"contentUrl\":\"https:\\\/\\\/spank.si\\\/wp-content\\\/uploads\\\/2021\\\/10\\\/visitmaribor_logo.svg\",\"width\":148,\"height\":74,\"caption\":\"Visit Maribor\"},\"image\":{\"@id\":\"https:\\\/\\\/spank.si\\\/en\\\/#\\\/schema\\\/logo\\\/image\\\/\"},\"sameAs\":[\"https:\\\/\\\/www.facebook.com\\\/VisitMaribor\\\/\",\"https:\\\/\\\/www.instagram.com\\\/visitmaribor\\\/\",\"https:\\\/\\\/www.linkedin.com\\\/company\\\/maribor-tourist-board\\\/\",\"https:\\\/\\\/www.youtube.com\\\/user\\\/visitmaribor\"]}]}<\/script>\n<!-- \/ Yoast SEO plugin. -->","yoast_head_json":{"title":"Pravna obvestila &#8211; Spank","robots":{"index":"index","follow":"follow","max-snippet":"max-snippet:-1","max-image-preview":"max-image-preview:large","max-video-preview":"max-video-preview:-1"},"canonical":"https:\/\/spank.si\/en\/pravna-obvestila\/","og_locale":"en_US","og_type":"article","og_title":"Pravna obvestila &#8211; Spank","og_description":"Pravna obvestila Pogoji uporabe Vstop in ogled kateregakoli dela spletne strani mariborbikepark.si pomeni, da se strinjate z vsemi tukaj navedenimi omejitvami in pogoji uporabe. \u010ce se ne strinjate vas prosimo, da te strani ne uporabljate. Priporo\u010damo vam, da ob\u010dasno pregledate veljavne Pogoje uporabe oz. dolo\u010dbe o varovanju zasebnosti. Omejitev odgovornosti SPANKI d.o.o. ureja spletne strani [&hellip;]","og_url":"https:\/\/spank.si\/en\/pravna-obvestila\/","og_site_name":"Spank","article_publisher":"https:\/\/www.facebook.com\/VisitMaribor\/","article_modified_time":"2023-05-19T12:27:09+00:00","og_image":[{"url":"https:\/\/spank.si\/wp-content\/uploads\/2022\/09\/header-dots-right.svg","type":"","width":"","height":""}],"twitter_card":"summary_large_image","twitter_misc":{"Est. reading time":"3 minutes"},"schema":{"@context":"https:\/\/schema.org","@graph":[{"@type":"WebPage","@id":"https:\/\/spank.si\/en\/pravna-obvestila\/","url":"https:\/\/spank.si\/en\/pravna-obvestila\/","name":"Pravna obvestila &#8211; Spank","isPartOf":{"@id":"https:\/\/spank.si\/en\/#website"},"primaryImageOfPage":{"@id":"https:\/\/spank.si\/en\/pravna-obvestila\/#primaryimage"},"image":{"@id":"https:\/\/spank.si\/en\/pravna-obvestila\/#primaryimage"},"thumbnailUrl":"https:\/\/spank.si\/wp-content\/uploads\/2022\/09\/header-dots-right.svg","datePublished":"2022-09-07T10:15:39+00:00","dateModified":"2023-05-19T12:27:09+00:00","breadcrumb":{"@id":"https:\/\/spank.si\/en\/pravna-obvestila\/#breadcrumb"},"inLanguage":"en-US","potentialAction":[{"@type":"ReadAction","target":["https:\/\/spank.si\/en\/pravna-obvestila\/"]}]},{"@type":"ImageObject","inLanguage":"en-US","@id":"https:\/\/spank.si\/en\/pravna-obvestila\/#primaryimage","url":"https:\/\/spank.si\/wp-content\/uploads\/2022\/09\/header-dots-right.svg","contentUrl":"https:\/\/spank.si\/wp-content\/uploads\/2022\/09\/header-dots-right.svg"},{"@type":"BreadcrumbList","@id":"https:\/\/spank.si\/en\/pravna-obvestila\/#breadcrumb","itemListElement":[{"@type":"ListItem","position":1,"name":"Domov","item":"https:\/\/spank.si\/en\/"},{"@type":"ListItem","position":2,"name":"Pravna obvestila"}]},{"@type":"WebSite","@id":"https:\/\/spank.si\/en\/#website","url":"https:\/\/spank.si\/en\/","name":"Spank","description":"","publisher":{"@id":"https:\/\/spank.si\/en\/#organization"},"potentialAction":[{"@type":"SearchAction","target":{"@type":"EntryPoint","urlTemplate":"https:\/\/spank.si\/en\/?s={search_term_string}"},"query-input":{"@type":"PropertyValueSpecification","valueRequired":true,"valueName":"search_term_string"}}],"inLanguage":"en-US"},{"@type":"Organization","@id":"https:\/\/spank.si\/en\/#organization","name":"Visit Maribor","url":"https:\/\/spank.si\/en\/","logo":{"@type":"ImageObject","inLanguage":"en-US","@id":"https:\/\/spank.si\/en\/#\/schema\/logo\/image\/","url":"https:\/\/spank.si\/wp-content\/uploads\/2021\/10\/visitmaribor_logo.svg","contentUrl":"https:\/\/spank.si\/wp-content\/uploads\/2021\/10\/visitmaribor_logo.svg","width":148,"height":74,"caption":"Visit Maribor"},"image":{"@id":"https:\/\/spank.si\/en\/#\/schema\/logo\/image\/"},"sameAs":["https:\/\/www.facebook.com\/VisitMaribor\/","https:\/\/www.instagram.com\/visitmaribor\/","https:\/\/www.linkedin.com\/company\/maribor-tourist-board\/","https:\/\/www.youtube.com\/user\/visitmaribor"]}]}},"_links":{"self":[{"href":"https:\/\/spank.si\/en\/wp-json\/wp\/v2\/pages\/5764","targetHints":{"allow":["GET"]}}],"collection":[{"href":"https:\/\/spank.si\/en\/wp-json\/wp\/v2\/pages"}],"about":[{"href":"https:\/\/spank.si\/en\/wp-json\/wp\/v2\/types\/page"}],"author":[{"embeddable":true,"href":"https:\/\/spank.si\/en\/wp-json\/wp\/v2\/users\/3"}],"replies":[{"embeddable":true,"href":"https:\/\/spank.si\/en\/wp-json\/wp\/v2\/comments?post=5764"}],"version-history":[{"count":1,"href":"https:\/\/spank.si\/en\/wp-json\/wp\/v2\/pages\/5764\/revisions"}],"predecessor-version":[{"id":5766,"href":"https:\/\/spank.si\/en\/wp-json\/wp\/v2\/pages\/5764\/revisions\/5766"}],"wp:attachment":[{"href":"https:\/\/spank.si\/en\/wp-json\/wp\/v2\/media?parent=5764"}],"curies":[{"name":"wp","href":"https:\/\/api.w.org\/{rel}","templated":true}]}}