{"id":5763,"date":"2022-09-09T16:10:23","date_gmt":"2022-09-09T14:10:23","guid":{"rendered":"https:\/\/spank.si\/pravilnik-o-zasebnosti\/"},"modified":"2023-05-19T14:27:07","modified_gmt":"2023-05-19T12:27:07","slug":"pravilnik-o-zasebnosti","status":"publish","type":"page","link":"https:\/\/spank.si\/en\/pravilnik-o-zasebnosti\/","title":{"rendered":"Pravilnik o zasebnosti"},"content":{"rendered":"\t\t<div data-elementor-type=\"wp-page\" data-elementor-id=\"5763\" class=\"elementor elementor-5763 elementor-5028\">\n\t\t\t\t\t\t<header class=\"elementor-section elementor-top-section elementor-element elementor-element-bb07eba elementor-section-height-min-height elementor-section-items-top elementor-section-boxed elementor-section-height-default\" data-id=\"bb07eba\" data-element_type=\"section\" data-e-type=\"section\" data-settings=\"{&quot;background_background&quot;:&quot;classic&quot;}\">\n\t\t\t\t\t\t<div class=\"elementor-container elementor-column-gap-default\">\n\t\t\t\t\t<div class=\"elementor-column elementor-col-100 elementor-top-column elementor-element elementor-element-e2bd734\" data-id=\"e2bd734\" data-element_type=\"column\" data-e-type=\"column\">\n\t\t\t<div class=\"elementor-widget-wrap elementor-element-populated\">\n\t\t\t\t\t\t<div class=\"elementor-element elementor-element-9d010bb heading-text-stroke single-heading-text-stroke  elementor-widget elementor-widget-heading\" data-id=\"9d010bb\" data-element_type=\"widget\" data-e-type=\"widget\" data-widget_type=\"heading.default\">\n\t\t\t\t<div class=\"elementor-widget-container\">\n\t\t\t\t\t<h2 class=\"elementor-heading-title elementor-size-default\">Pravilnik o zasebnosti<\/h2>\t\t\t\t<\/div>\n\t\t\t\t<\/div>\n\t\t\t\t<section class=\"elementor-section elementor-inner-section elementor-element elementor-element-9bf6e12 elementor-section-boxed elementor-section-height-default elementor-section-height-default\" data-id=\"9bf6e12\" data-element_type=\"section\" data-e-type=\"section\" data-settings=\"{&quot;background_background&quot;:&quot;classic&quot;}\">\n\t\t\t\t\t\t<div class=\"elementor-container elementor-column-gap-default\">\n\t\t\t\t\t<div class=\"elementor-column elementor-col-100 elementor-inner-column elementor-element elementor-element-b1d88f8\" data-id=\"b1d88f8\" data-element_type=\"column\" data-e-type=\"column\">\n\t\t\t<div class=\"elementor-widget-wrap elementor-element-populated\">\n\t\t\t\t\t\t<div class=\"elementor-element elementor-element-96f99e6 elementor-widget elementor-widget-text-editor\" data-id=\"96f99e6\" data-element_type=\"widget\" data-e-type=\"widget\" data-widget_type=\"text-editor.default\">\n\t\t\t\t<div class=\"elementor-widget-container\">\n\t\t\t\t\t\t\t\t\t<p>Osebni podatki na\u0161ih uporabnikov so eno izmed podro\u010dij, kateremu posve\u010damo izredno skrb in pozornost. Poskrbimo, da so vse zahteve ne samo dose\u017eene, ampak jih, \u010de se le da, prese\u017eemo, saj se zavedamo ob\u010dutljive narave tega podro\u010dja.<\/p><p>Upravitelj spletne strani mariborbikepark.si je v skladu z <a style=\"color: #424242; text-decoration: underline;\" href=\"https:\/\/www.uradni-list.si\/glasilo-uradni-list-rs\/vsebina?urlid=200794&amp;stevilka=4690\" target=\"_blank\" rel=\"noopener\">Zakonom o varstvu osebnih podatkov (ZVOP-1-UPB1)<\/a> zavezan k varovanju osebnih podatkov svojih uporabnikov.<\/p><p>Za potrebe poslovanja mariborbikepark.si zbira naslednje uporabnikove podatke: ime in priimek, naslov elektronske po\u0161te, ter ostale podatke, ki jih uporabniki vnesete v obrazce na spletnem mestu mariborbikepark.si.<\/p><p>Za to\u010dnost podatkov, ki jih vnesete uporabniki, ne odgovarjamo.<\/p><p>Za potrebe zagotavljanja varnosti, se zbirajo tudi IP naslovi, iz katerih uporabniki dostopajo do spletnega mesta. Vsakemu uporabniku je ob za\u010detku obiska dodeljen sejni pi\u0161kotek za identifikacijo. Na va\u0161 ra\u010dunalnik lahko mariborbikepark.si med drugimi shrani tudi druge pi\u0161kotke, kot so: identifikacijska \u0161tevilka uporabnika v \u0161ifrirani obliki (za prepoznavanje uporabnika ob naslednjem obisku) ter pi\u0161kotki sistema Google Analytics (analiza obiskov spletnega mesta).<\/p><p>Vsi omenjeni podatki, razen pi\u0161kotkov, se na stre\u017eniku mariborbikepark.si shranjujejo trajno. Sejni pi\u0161kotki se v pomnilnik stre\u017enika shranjujejo le za \u010das trajanja obiska in se izbri\u0161ejo po eni uri neaktivnosti, trajni pi\u0161kotki pa so shranjeni na ra\u010dunalniku obiskovalca.<\/p><p>Upravitelj mariborbikepark.si lahko podatke v anonimizirani sumarni obliki uporabi za namene statisti\u010dnih analiz. Upravitelj mariborbikepark.si podatkov o uporabnikih v nobenem primeru ne bo predal nepoobla\u0161\u010denim osebam. Z uporabnikom bomo stopili v stik preko sredstev komunikacije na daljavo le, \u010de uporabnik temu izrecno ne nasprotuje.<\/p>\t\t\t\t\t\t\t\t<\/div>\n\t\t\t\t<\/div>\n\t\t\t\t<div class=\"elementor-element elementor-element-323952e elementor-widget elementor-widget-heading\" data-id=\"323952e\" data-element_type=\"widget\" data-e-type=\"widget\" data-widget_type=\"heading.default\">\n\t\t\t\t<div class=\"elementor-widget-container\">\n\t\t\t\t\t<h5 class=\"elementor-heading-title elementor-size-default\"><h5 data-elementor-setting-key=\"title\" data-pen-placeholder=\"Type Here...\" style=\"text-transform: uppercase\">Izjemno razkritje osebnih podatkov<\/h5><\/h5>\t\t\t\t<\/div>\n\t\t\t\t<\/div>\n\t\t\t\t<div class=\"elementor-element elementor-element-1e0f60b elementor-widget elementor-widget-text-editor\" data-id=\"1e0f60b\" data-element_type=\"widget\" data-e-type=\"widget\" data-widget_type=\"text-editor.default\">\n\t\t\t\t<div class=\"elementor-widget-container\">\n\t\t\t\t\t\t\t\t\t<p>Podatki, ki jih mariborbikepark.si zbira in obdeluje, bodo razkriti le, \u010de je taka obveznost dolo\u010dena v zakonu, ali v dobri veri, da je tako ukrepanje potrebno za postopke pred sodi\u0161\u010di ali drugimi dr\u017eavnimi organi ter za za\u0161\u010dito in uresni\u010devanje zakonitih interesov mariborbikepark.si.<\/p>\t\t\t\t\t\t\t\t<\/div>\n\t\t\t\t<\/div>\n\t\t\t\t\t<\/div>\n\t\t<\/div>\n\t\t\t\t\t<\/div>\n\t\t<\/section>\n\t\t\t\t<div class=\"elementor-element elementor-element-cf237a7 elementor-absolute e-transform elementor-widget elementor-widget-image\" data-id=\"cf237a7\" data-element_type=\"widget\" data-e-type=\"widget\" data-settings=\"{&quot;_position&quot;:&quot;absolute&quot;,&quot;_transform_rotateZ_effect&quot;:{&quot;unit&quot;:&quot;px&quot;,&quot;size&quot;:-25,&quot;sizes&quot;:[]},&quot;_transform_rotateZ_effect_tablet_extra&quot;:{&quot;unit&quot;:&quot;deg&quot;,&quot;size&quot;:&quot;&quot;,&quot;sizes&quot;:[]},&quot;_transform_rotateZ_effect_tablet&quot;:{&quot;unit&quot;:&quot;deg&quot;,&quot;size&quot;:&quot;&quot;,&quot;sizes&quot;:[]},&quot;_transform_rotateZ_effect_mobile_extra&quot;:{&quot;unit&quot;:&quot;deg&quot;,&quot;size&quot;:&quot;&quot;,&quot;sizes&quot;:[]},&quot;_transform_rotateZ_effect_mobile&quot;:{&quot;unit&quot;:&quot;deg&quot;,&quot;size&quot;:&quot;&quot;,&quot;sizes&quot;:[]}}\" data-widget_type=\"image.default\">\n\t\t\t\t<div class=\"elementor-widget-container\">\n\t\t\t\t\t\t\t\t\t\t\t\t\t\t\t<img fetchpriority=\"high\" decoding=\"async\" width=\"800\" height=\"164\" src=\"https:\/\/spank.si\/wp-content\/uploads\/2022\/09\/header-dots-right.svg\" class=\"attachment-large size-large wp-image-4235\" alt=\"\" \/>\t\t\t\t\t\t\t\t\t\t\t\t\t\t\t<\/div>\n\t\t\t\t<\/div>\n\t\t\t\t\t<\/div>\n\t\t<\/div>\n\t\t\t\t\t<\/div>\n\t\t<\/header>\n\t\t\t\t<\/div>\n\t\t","protected":false},"excerpt":{"rendered":"<p>Pravilnik o zasebnosti Osebni podatki na\u0161ih uporabnikov so eno izmed podro\u010dij, kateremu posve\u010damo izredno skrb in pozornost. Poskrbimo, da so vse zahteve ne samo dose\u017eene, ampak jih, \u010de se le da, prese\u017eemo, saj se zavedamo ob\u010dutljive narave tega podro\u010dja. Upravitelj spletne strani mariborbikepark.si je v skladu z Zakonom o varstvu osebnih podatkov (ZVOP-1-UPB1) zavezan k [&hellip;]<\/p>\n","protected":false},"author":3,"featured_media":0,"parent":0,"menu_order":0,"comment_status":"closed","ping_status":"closed","template":"elementor_header_footer","meta":{"_acf_changed":false,"inline_featured_image":false,"footnotes":""},"class_list":["post-5763","page","type-page","status-publish","hentry"],"acf":[],"yoast_head":"<!-- This site is optimized with the Yoast SEO plugin v27.3 - https:\/\/yoast.com\/product\/yoast-seo-wordpress\/ -->\n<title>Pravilnik o zasebnosti &#8211; Spank<\/title>\n<meta name=\"robots\" content=\"index, follow, max-snippet:-1, max-image-preview:large, max-video-preview:-1\" \/>\n<link rel=\"canonical\" href=\"https:\/\/spank.si\/en\/pravilnik-o-zasebnosti\/\" \/>\n<meta property=\"og:locale\" content=\"en_US\" \/>\n<meta property=\"og:type\" content=\"article\" \/>\n<meta property=\"og:title\" content=\"Pravilnik o zasebnosti &#8211; Spank\" \/>\n<meta property=\"og:description\" content=\"Pravilnik o zasebnosti Osebni podatki na\u0161ih uporabnikov so eno izmed podro\u010dij, kateremu posve\u010damo izredno skrb in pozornost. Poskrbimo, da so vse zahteve ne samo dose\u017eene, ampak jih, \u010de se le da, prese\u017eemo, saj se zavedamo ob\u010dutljive narave tega podro\u010dja. Upravitelj spletne strani mariborbikepark.si je v skladu z Zakonom o varstvu osebnih podatkov (ZVOP-1-UPB1) zavezan k [&hellip;]\" \/>\n<meta property=\"og:url\" content=\"https:\/\/spank.si\/en\/pravilnik-o-zasebnosti\/\" \/>\n<meta property=\"og:site_name\" content=\"Spank\" \/>\n<meta property=\"article:publisher\" content=\"https:\/\/www.facebook.com\/VisitMaribor\/\" \/>\n<meta property=\"article:modified_time\" content=\"2023-05-19T12:27:07+00:00\" \/>\n<meta property=\"og:image\" content=\"https:\/\/spank.si\/wp-content\/uploads\/2022\/09\/header-dots-right.svg\" \/>\n<meta name=\"twitter:card\" content=\"summary_large_image\" \/>\n<meta name=\"twitter:label1\" content=\"Est. reading time\" \/>\n\t<meta name=\"twitter:data1\" content=\"2 minutes\" \/>\n<script type=\"application\/ld+json\" class=\"yoast-schema-graph\">{\"@context\":\"https:\\\/\\\/schema.org\",\"@graph\":[{\"@type\":\"WebPage\",\"@id\":\"https:\\\/\\\/spank.si\\\/en\\\/pravilnik-o-zasebnosti\\\/\",\"url\":\"https:\\\/\\\/spank.si\\\/en\\\/pravilnik-o-zasebnosti\\\/\",\"name\":\"Pravilnik o zasebnosti &#8211; Spank\",\"isPartOf\":{\"@id\":\"https:\\\/\\\/spank.si\\\/en\\\/#website\"},\"primaryImageOfPage\":{\"@id\":\"https:\\\/\\\/spank.si\\\/en\\\/pravilnik-o-zasebnosti\\\/#primaryimage\"},\"image\":{\"@id\":\"https:\\\/\\\/spank.si\\\/en\\\/pravilnik-o-zasebnosti\\\/#primaryimage\"},\"thumbnailUrl\":\"https:\\\/\\\/spank.si\\\/wp-content\\\/uploads\\\/2022\\\/09\\\/header-dots-right.svg\",\"datePublished\":\"2022-09-09T14:10:23+00:00\",\"dateModified\":\"2023-05-19T12:27:07+00:00\",\"breadcrumb\":{\"@id\":\"https:\\\/\\\/spank.si\\\/en\\\/pravilnik-o-zasebnosti\\\/#breadcrumb\"},\"inLanguage\":\"en-US\",\"potentialAction\":[{\"@type\":\"ReadAction\",\"target\":[\"https:\\\/\\\/spank.si\\\/en\\\/pravilnik-o-zasebnosti\\\/\"]}]},{\"@type\":\"ImageObject\",\"inLanguage\":\"en-US\",\"@id\":\"https:\\\/\\\/spank.si\\\/en\\\/pravilnik-o-zasebnosti\\\/#primaryimage\",\"url\":\"https:\\\/\\\/spank.si\\\/wp-content\\\/uploads\\\/2022\\\/09\\\/header-dots-right.svg\",\"contentUrl\":\"https:\\\/\\\/spank.si\\\/wp-content\\\/uploads\\\/2022\\\/09\\\/header-dots-right.svg\"},{\"@type\":\"BreadcrumbList\",\"@id\":\"https:\\\/\\\/spank.si\\\/en\\\/pravilnik-o-zasebnosti\\\/#breadcrumb\",\"itemListElement\":[{\"@type\":\"ListItem\",\"position\":1,\"name\":\"Domov\",\"item\":\"https:\\\/\\\/spank.si\\\/en\\\/\"},{\"@type\":\"ListItem\",\"position\":2,\"name\":\"Pravilnik o zasebnosti\"}]},{\"@type\":\"WebSite\",\"@id\":\"https:\\\/\\\/spank.si\\\/en\\\/#website\",\"url\":\"https:\\\/\\\/spank.si\\\/en\\\/\",\"name\":\"Spank\",\"description\":\"\",\"publisher\":{\"@id\":\"https:\\\/\\\/spank.si\\\/en\\\/#organization\"},\"potentialAction\":[{\"@type\":\"SearchAction\",\"target\":{\"@type\":\"EntryPoint\",\"urlTemplate\":\"https:\\\/\\\/spank.si\\\/en\\\/?s={search_term_string}\"},\"query-input\":{\"@type\":\"PropertyValueSpecification\",\"valueRequired\":true,\"valueName\":\"search_term_string\"}}],\"inLanguage\":\"en-US\"},{\"@type\":\"Organization\",\"@id\":\"https:\\\/\\\/spank.si\\\/en\\\/#organization\",\"name\":\"Visit Maribor\",\"url\":\"https:\\\/\\\/spank.si\\\/en\\\/\",\"logo\":{\"@type\":\"ImageObject\",\"inLanguage\":\"en-US\",\"@id\":\"https:\\\/\\\/spank.si\\\/en\\\/#\\\/schema\\\/logo\\\/image\\\/\",\"url\":\"https:\\\/\\\/spank.si\\\/wp-content\\\/uploads\\\/2021\\\/10\\\/visitmaribor_logo.svg\",\"contentUrl\":\"https:\\\/\\\/spank.si\\\/wp-content\\\/uploads\\\/2021\\\/10\\\/visitmaribor_logo.svg\",\"width\":148,\"height\":74,\"caption\":\"Visit Maribor\"},\"image\":{\"@id\":\"https:\\\/\\\/spank.si\\\/en\\\/#\\\/schema\\\/logo\\\/image\\\/\"},\"sameAs\":[\"https:\\\/\\\/www.facebook.com\\\/VisitMaribor\\\/\",\"https:\\\/\\\/www.instagram.com\\\/visitmaribor\\\/\",\"https:\\\/\\\/www.linkedin.com\\\/company\\\/maribor-tourist-board\\\/\",\"https:\\\/\\\/www.youtube.com\\\/user\\\/visitmaribor\"]}]}<\/script>\n<!-- \/ Yoast SEO plugin. -->","yoast_head_json":{"title":"Pravilnik o zasebnosti &#8211; Spank","robots":{"index":"index","follow":"follow","max-snippet":"max-snippet:-1","max-image-preview":"max-image-preview:large","max-video-preview":"max-video-preview:-1"},"canonical":"https:\/\/spank.si\/en\/pravilnik-o-zasebnosti\/","og_locale":"en_US","og_type":"article","og_title":"Pravilnik o zasebnosti &#8211; Spank","og_description":"Pravilnik o zasebnosti Osebni podatki na\u0161ih uporabnikov so eno izmed podro\u010dij, kateremu posve\u010damo izredno skrb in pozornost. Poskrbimo, da so vse zahteve ne samo dose\u017eene, ampak jih, \u010de se le da, prese\u017eemo, saj se zavedamo ob\u010dutljive narave tega podro\u010dja. Upravitelj spletne strani mariborbikepark.si je v skladu z Zakonom o varstvu osebnih podatkov (ZVOP-1-UPB1) zavezan k [&hellip;]","og_url":"https:\/\/spank.si\/en\/pravilnik-o-zasebnosti\/","og_site_name":"Spank","article_publisher":"https:\/\/www.facebook.com\/VisitMaribor\/","article_modified_time":"2023-05-19T12:27:07+00:00","og_image":[{"url":"https:\/\/spank.si\/wp-content\/uploads\/2022\/09\/header-dots-right.svg","type":"","width":"","height":""}],"twitter_card":"summary_large_image","twitter_misc":{"Est. reading time":"2 minutes"},"schema":{"@context":"https:\/\/schema.org","@graph":[{"@type":"WebPage","@id":"https:\/\/spank.si\/en\/pravilnik-o-zasebnosti\/","url":"https:\/\/spank.si\/en\/pravilnik-o-zasebnosti\/","name":"Pravilnik o zasebnosti &#8211; Spank","isPartOf":{"@id":"https:\/\/spank.si\/en\/#website"},"primaryImageOfPage":{"@id":"https:\/\/spank.si\/en\/pravilnik-o-zasebnosti\/#primaryimage"},"image":{"@id":"https:\/\/spank.si\/en\/pravilnik-o-zasebnosti\/#primaryimage"},"thumbnailUrl":"https:\/\/spank.si\/wp-content\/uploads\/2022\/09\/header-dots-right.svg","datePublished":"2022-09-09T14:10:23+00:00","dateModified":"2023-05-19T12:27:07+00:00","breadcrumb":{"@id":"https:\/\/spank.si\/en\/pravilnik-o-zasebnosti\/#breadcrumb"},"inLanguage":"en-US","potentialAction":[{"@type":"ReadAction","target":["https:\/\/spank.si\/en\/pravilnik-o-zasebnosti\/"]}]},{"@type":"ImageObject","inLanguage":"en-US","@id":"https:\/\/spank.si\/en\/pravilnik-o-zasebnosti\/#primaryimage","url":"https:\/\/spank.si\/wp-content\/uploads\/2022\/09\/header-dots-right.svg","contentUrl":"https:\/\/spank.si\/wp-content\/uploads\/2022\/09\/header-dots-right.svg"},{"@type":"BreadcrumbList","@id":"https:\/\/spank.si\/en\/pravilnik-o-zasebnosti\/#breadcrumb","itemListElement":[{"@type":"ListItem","position":1,"name":"Domov","item":"https:\/\/spank.si\/en\/"},{"@type":"ListItem","position":2,"name":"Pravilnik o zasebnosti"}]},{"@type":"WebSite","@id":"https:\/\/spank.si\/en\/#website","url":"https:\/\/spank.si\/en\/","name":"Spank","description":"","publisher":{"@id":"https:\/\/spank.si\/en\/#organization"},"potentialAction":[{"@type":"SearchAction","target":{"@type":"EntryPoint","urlTemplate":"https:\/\/spank.si\/en\/?s={search_term_string}"},"query-input":{"@type":"PropertyValueSpecification","valueRequired":true,"valueName":"search_term_string"}}],"inLanguage":"en-US"},{"@type":"Organization","@id":"https:\/\/spank.si\/en\/#organization","name":"Visit Maribor","url":"https:\/\/spank.si\/en\/","logo":{"@type":"ImageObject","inLanguage":"en-US","@id":"https:\/\/spank.si\/en\/#\/schema\/logo\/image\/","url":"https:\/\/spank.si\/wp-content\/uploads\/2021\/10\/visitmaribor_logo.svg","contentUrl":"https:\/\/spank.si\/wp-content\/uploads\/2021\/10\/visitmaribor_logo.svg","width":148,"height":74,"caption":"Visit Maribor"},"image":{"@id":"https:\/\/spank.si\/en\/#\/schema\/logo\/image\/"},"sameAs":["https:\/\/www.facebook.com\/VisitMaribor\/","https:\/\/www.instagram.com\/visitmaribor\/","https:\/\/www.linkedin.com\/company\/maribor-tourist-board\/","https:\/\/www.youtube.com\/user\/visitmaribor"]}]}},"_links":{"self":[{"href":"https:\/\/spank.si\/en\/wp-json\/wp\/v2\/pages\/5763","targetHints":{"allow":["GET"]}}],"collection":[{"href":"https:\/\/spank.si\/en\/wp-json\/wp\/v2\/pages"}],"about":[{"href":"https:\/\/spank.si\/en\/wp-json\/wp\/v2\/types\/page"}],"author":[{"embeddable":true,"href":"https:\/\/spank.si\/en\/wp-json\/wp\/v2\/users\/3"}],"replies":[{"embeddable":true,"href":"https:\/\/spank.si\/en\/wp-json\/wp\/v2\/comments?post=5763"}],"version-history":[{"count":1,"href":"https:\/\/spank.si\/en\/wp-json\/wp\/v2\/pages\/5763\/revisions"}],"predecessor-version":[{"id":5765,"href":"https:\/\/spank.si\/en\/wp-json\/wp\/v2\/pages\/5763\/revisions\/5765"}],"wp:attachment":[{"href":"https:\/\/spank.si\/en\/wp-json\/wp\/v2\/media?parent=5763"}],"curies":[{"name":"wp","href":"https:\/\/api.w.org\/{rel}","templated":true}]}}