{"id":5761,"date":"2022-09-09T15:08:34","date_gmt":"2022-09-09T13:08:34","guid":{"rendered":"https:\/\/spank.si\/piskotki\/"},"modified":"2023-05-19T14:26:34","modified_gmt":"2023-05-19T12:26:34","slug":"piskotki","status":"publish","type":"page","link":"https:\/\/spank.si\/en\/piskotki\/","title":{"rendered":"Pi\u0161kotki"},"content":{"rendered":"\t\t<div data-elementor-type=\"wp-page\" data-elementor-id=\"5761\" class=\"elementor elementor-5761 elementor-5033\">\n\t\t\t\t\t\t<header class=\"elementor-section elementor-top-section elementor-element elementor-element-bb07eba elementor-section-height-min-height elementor-section-items-top elementor-section-boxed elementor-section-height-default\" data-id=\"bb07eba\" data-element_type=\"section\" data-e-type=\"section\" data-settings=\"{&quot;background_background&quot;:&quot;classic&quot;}\">\n\t\t\t\t\t\t<div class=\"elementor-container elementor-column-gap-default\">\n\t\t\t\t\t<div class=\"elementor-column elementor-col-100 elementor-top-column elementor-element elementor-element-e2bd734\" data-id=\"e2bd734\" data-element_type=\"column\" data-e-type=\"column\">\n\t\t\t<div class=\"elementor-widget-wrap elementor-element-populated\">\n\t\t\t\t\t\t<div class=\"elementor-element elementor-element-9d010bb heading-text-stroke single-heading-text-stroke  elementor-widget elementor-widget-heading\" data-id=\"9d010bb\" data-element_type=\"widget\" data-e-type=\"widget\" data-widget_type=\"heading.default\">\n\t\t\t\t<div class=\"elementor-widget-container\">\n\t\t\t\t\t<h2 class=\"elementor-heading-title elementor-size-default\">Pi\u0161kotki<\/h2>\t\t\t\t<\/div>\n\t\t\t\t<\/div>\n\t\t\t\t<section class=\"elementor-section elementor-inner-section elementor-element elementor-element-9bf6e12 elementor-section-boxed elementor-section-height-default elementor-section-height-default\" data-id=\"9bf6e12\" data-element_type=\"section\" data-e-type=\"section\" data-settings=\"{&quot;background_background&quot;:&quot;classic&quot;}\">\n\t\t\t\t\t\t<div class=\"elementor-container elementor-column-gap-default\">\n\t\t\t\t\t<div class=\"elementor-column elementor-col-100 elementor-inner-column elementor-element elementor-element-b1d88f8\" data-id=\"b1d88f8\" data-element_type=\"column\" data-e-type=\"column\">\n\t\t\t<div class=\"elementor-widget-wrap elementor-element-populated\">\n\t\t\t\t\t\t<div class=\"elementor-element elementor-element-96f99e6 elementor-widget elementor-widget-text-editor\" data-id=\"96f99e6\" data-element_type=\"widget\" data-e-type=\"widget\" data-widget_type=\"text-editor.default\">\n\t\t\t\t<div class=\"elementor-widget-container\">\n\t\t\t\t\t\t\t\t\t<p>Da bi vam olaj\u0161ali uporabo na\u0161e spletne strani in jo naredili bolj prijetno, uporabljamo \u00bbpi\u0161kotke\u00ab. Pi\u0161kotki so majhne podatkovne enote, ki nam omogo\u010dajo primerjavo novih in predhodnih obiskovalcev, razumevanje, kako uporabljajo na\u0161o stran. Posredujejo nam podatke, s katerimi lahko naredimo prihodnji obisk spletne strani bolj prijeten in u\u010dinkovit.<\/p><p>\u010ce ne \u017eelite uporabljati pi\u0161kotkov, nastavite svoj ra\u010dunalnik tako, da izbri\u0161e vse pi\u0161kotke spletnih strani in\/ali vas opozori, preden se pi\u0161kotek shrani na disk. \u010ce ne \u017eelite spremeniti uporabe pi\u0161kotkov, preprosto nadaljujte na spletno stran.<\/p><p>Za ve\u010d informacij o pi\u0161kotkih in njihovem vplivu na <a style=\"color: #424242; text-decoration: underline;\" href=\"https:\/\/www.aboutcookies.org\/\" target=\"_blank\" rel=\"noopener\">www.aboutcookies.org<\/a>.<\/p>\t\t\t\t\t\t\t\t<\/div>\n\t\t\t\t<\/div>\n\t\t\t\t<div class=\"elementor-element elementor-element-a515d6a eael-table-align-center eael-dt-th-align-left elementor-widget elementor-widget-eael-data-table\" data-id=\"a515d6a\" data-element_type=\"widget\" data-e-type=\"widget\" data-widget_type=\"eael-data-table.default\">\n\t\t\t\t<div class=\"elementor-widget-container\">\n\t\t\t\t\t\t\t<div class=\"eael-data-table-wrap\" data-table_id=\"a515d6a\" id=\"eael-data-table-wrapper-a515d6a\" data-custom_responsive=\"false\">\n\t\t\t<table class=\"tablesorter eael-data-table center\" id=\"eael-data-table-a515d6a\">\n\t\t\t    <thead>\n\t\t\t        <tr class=\"table-header\">\n\t\t\t\t\t\t\t\t\t            <th class=\"\" id=\"\" colspan=\"\">\n\t\t\t\t\t\t\t\t\t\t\t\t\t\t<span class=\"data-table-header-text\">Ime pi\u0161kotka<\/span><\/th>\n\t\t\t        \t\t\t\t            <th class=\"\" id=\"\" colspan=\"\">\n\t\t\t\t\t\t\t\t\t\t\t\t\t\t<span class=\"data-table-header-text\">Namen<\/span><\/th>\n\t\t\t        \t\t\t\t            <th class=\"\" id=\"\" colspan=\"\">\n\t\t\t\t\t\t\t\t\t\t\t\t\t\t<span class=\"data-table-header-text\">\u010cas pi\u0161kotka<\/span><\/th>\n\t\t\t        \t\t\t\t            <th class=\"\" id=\"\" colspan=\"\">\n\t\t\t\t\t\t\t\t\t\t\t\t\t\t<span class=\"data-table-header-text\">Stran<\/span><\/th>\n\t\t\t        \t\t\t\t        <\/tr>\n\t\t\t    <\/thead>\n\t\t\t  \t<tbody>\n\t\t\t\t\t\t\t\t\t\t\t<tr>\n\t\t\t\t\t\t\t\t\t\t\t\t\t\t\t\t   \t\t\t\t\t\t\t\t\t\t\t<td colspan=\"\" rowspan=\"\" class=\"\" id=\"\">\n\t\t\t\t\t\t\t\t\t\t\t\t<div class=\"td-content-wrapper\"><div class=\"td-content\">\n\t\t\t\t\t\t\t\t\t\t\t\t\tPH_HPXY_CHECK\t\t\t\t\t\t\t\t\t\t\t\t<\/div><\/div>\n\t\t\t\t\t\t\t\t\t\t\t<\/td>\n\t\t\t\t\t\t\t\t\t\t\t\t\t\t\t\t\t\t\t\t\t\t\t\t\t\t\t\t\t   \t\t\t\t\t\t\t\t\t\t\t<td colspan=\"\" rowspan=\"\" class=\"\" id=\"\">\n\t\t\t\t\t\t\t\t\t\t\t\t<div class=\"td-content-wrapper\"><div class=\"td-content\">\n\t\t\t\t\t\t\t\t\t\t\t\t\tZa\u0161\u010dita spletne strani\t\t\t\t\t\t\t\t\t\t\t\t<\/div><\/div>\n\t\t\t\t\t\t\t\t\t\t\t<\/td>\n\t\t\t\t\t\t\t\t\t\t\t\t\t\t\t\t\t\t\t\t\t\t\t\t\t\t\t\t\t   \t\t\t\t\t\t\t\t\t\t\t<td colspan=\"\" rowspan=\"\" class=\"\" id=\"\">\n\t\t\t\t\t\t\t\t\t\t\t\t<div class=\"td-content-wrapper\"><div class=\"td-content\">\n\t\t\t\t\t\t\t\t\t\t\t\t\tDo zaklju\u010dka seje\t\t\t\t\t\t\t\t\t\t\t\t<\/div><\/div>\n\t\t\t\t\t\t\t\t\t\t\t<\/td>\n\t\t\t\t\t\t\t\t\t\t\t\t\t\t\t\t\t\t\t\t\t\t\t\t\t\t\t\t\t   \t\t\t\t\t\t\t\t\t\t\t<td colspan=\"\" rowspan=\"\" class=\"\" id=\"\">\n\t\t\t\t\t\t\t\t\t\t\t\t<div class=\"td-content-wrapper\"><div class=\"td-content\">\n\t\t\t\t\t\t\t\t\t\t\t\t\tmariborbikepark.si\t\t\t\t\t\t\t\t\t\t\t\t<\/div><\/div>\n\t\t\t\t\t\t\t\t\t\t\t<\/td>\n\t\t\t\t\t\t\t\t\t\t\t\t\t\t\t\t\t\t\t\t\t\t\t\t\t\t<\/tr>\n\t\t\t        \t\t\t\t\t\t<tr>\n\t\t\t\t\t\t\t\t\t\t\t\t\t\t\t\t   \t\t\t\t\t\t\t\t\t\t\t<td colspan=\"\" rowspan=\"\" class=\"\" id=\"\">\n\t\t\t\t\t\t\t\t\t\t\t\t<div class=\"td-content-wrapper\"><div class=\"td-content\">\n\t\t\t\t\t\t\t\t\t\t\t\t\tmoove_gdpr_popup\t\t\t\t\t\t\t\t\t\t\t\t<\/div><\/div>\n\t\t\t\t\t\t\t\t\t\t\t<\/td>\n\t\t\t\t\t\t\t\t\t\t\t\t\t\t\t\t\t\t\t\t\t\t\t\t\t\t\t\t\t   \t\t\t\t\t\t\t\t\t\t\t<td colspan=\"\" rowspan=\"\" class=\"\" id=\"\">\n\t\t\t\t\t\t\t\t\t\t\t\t<div class=\"td-content-wrapper\"><div class=\"td-content\">\n\t\t\t\t\t\t\t\t\t\t\t\t\t\nStanje soglasja o uporabi pi\u0161kotkov\t\t\t\t\t\t\t\t\t\t\t\t<\/div><\/div>\n\t\t\t\t\t\t\t\t\t\t\t<\/td>\n\t\t\t\t\t\t\t\t\t\t\t\t\t\t\t\t\t\t\t\t\t\t\t\t\t\t\t\t\t   \t\t\t\t\t\t\t\t\t\t\t<td colspan=\"\" rowspan=\"\" class=\"\" id=\"\">\n\t\t\t\t\t\t\t\t\t\t\t\t<div class=\"td-content-wrapper\"><div class=\"td-content\">\n\t\t\t\t\t\t\t\t\t\t\t\t\t\n1 leto\t\t\t\t\t\t\t\t\t\t\t\t<\/div><\/div>\n\t\t\t\t\t\t\t\t\t\t\t<\/td>\n\t\t\t\t\t\t\t\t\t\t\t\t\t\t\t\t\t\t\t\t\t\t\t\t\t\t\t\t\t   \t\t\t\t\t\t\t\t\t\t\t<td colspan=\"\" rowspan=\"\" class=\"\" id=\"\">\n\t\t\t\t\t\t\t\t\t\t\t\t<div class=\"td-content-wrapper\"><div class=\"td-content\">\n\t\t\t\t\t\t\t\t\t\t\t\t\tmariborbikepark.si\t\t\t\t\t\t\t\t\t\t\t\t<\/div><\/div>\n\t\t\t\t\t\t\t\t\t\t\t<\/td>\n\t\t\t\t\t\t\t\t\t\t\t\t\t\t\t\t\t\t\t\t\t\t\t\t\t\t<\/tr>\n\t\t\t        \t\t\t\t\t\t<tr>\n\t\t\t\t\t\t\t\t\t\t\t\t\t\t\t\t   \t\t\t\t\t\t\t\t\t\t\t<td colspan=\"\" rowspan=\"\" class=\"\" id=\"\">\n\t\t\t\t\t\t\t\t\t\t\t\t<div class=\"td-content-wrapper\"><div class=\"td-content\">\n\t\t\t\t\t\t\t\t\t\t\t\t\t_ga\t\t\t\t\t\t\t\t\t\t\t\t<\/div><\/div>\n\t\t\t\t\t\t\t\t\t\t\t<\/td>\n\t\t\t\t\t\t\t\t\t\t\t\t\t\t\t\t\t\t\t\t\t\t\t\t\t\t\t\t\t   \t\t\t\t\t\t\t\t\t\t\t<td colspan=\"\" rowspan=\"\" class=\"\" id=\"\">\n\t\t\t\t\t\t\t\t\t\t\t\t<div class=\"td-content-wrapper\"><div class=\"td-content\">\n\t\t\t\t\t\t\t\t\t\t\t\t\tStatistika ogledov spletne strani\t\t\t\t\t\t\t\t\t\t\t\t<\/div><\/div>\n\t\t\t\t\t\t\t\t\t\t\t<\/td>\n\t\t\t\t\t\t\t\t\t\t\t\t\t\t\t\t\t\t\t\t\t\t\t\t\t\t\t\t\t   \t\t\t\t\t\t\t\t\t\t\t<td colspan=\"\" rowspan=\"\" class=\"\" id=\"\">\n\t\t\t\t\t\t\t\t\t\t\t\t<div class=\"td-content-wrapper\"><div class=\"td-content\">\n\t\t\t\t\t\t\t\t\t\t\t\t\t\n1 leto\t\t\t\t\t\t\t\t\t\t\t\t<\/div><\/div>\n\t\t\t\t\t\t\t\t\t\t\t<\/td>\n\t\t\t\t\t\t\t\t\t\t\t\t\t\t\t\t\t\t\t\t\t\t\t\t\t\t\t\t\t   \t\t\t\t\t\t\t\t\t\t\t<td colspan=\"\" rowspan=\"\" class=\"\" id=\"\">\n\t\t\t\t\t\t\t\t\t\t\t\t<div class=\"td-content-wrapper\"><div class=\"td-content\">\n\t\t\t\t\t\t\t\t\t\t\t\t\tmariborbikepark.si\t\t\t\t\t\t\t\t\t\t\t\t<\/div><\/div>\n\t\t\t\t\t\t\t\t\t\t\t<\/td>\n\t\t\t\t\t\t\t\t\t\t\t\t\t\t\t\t\t\t\t\t\t\t\t\t\t\t<\/tr>\n\t\t\t        \t\t\t\t\t\t<tr>\n\t\t\t\t\t\t\t\t\t\t\t\t\t\t\t\t   \t\t\t\t\t\t\t\t\t\t\t<td colspan=\"\" rowspan=\"\" class=\"\" id=\"\">\n\t\t\t\t\t\t\t\t\t\t\t\t<div class=\"td-content-wrapper\"><div class=\"td-content\">\n\t\t\t\t\t\t\t\t\t\t\t\t\t_ga_E06HFGGJFD\t\t\t\t\t\t\t\t\t\t\t\t<\/div><\/div>\n\t\t\t\t\t\t\t\t\t\t\t<\/td>\n\t\t\t\t\t\t\t\t\t\t\t\t\t\t\t\t\t\t\t\t\t\t\t\t\t\t\t\t\t   \t\t\t\t\t\t\t\t\t\t\t<td colspan=\"\" rowspan=\"\" class=\"\" id=\"\">\n\t\t\t\t\t\t\t\t\t\t\t\t<div class=\"td-content-wrapper\"><div class=\"td-content\">\n\t\t\t\t\t\t\t\t\t\t\t\t\tStatistika ogledov spletne strani\t\t\t\t\t\t\t\t\t\t\t\t<\/div><\/div>\n\t\t\t\t\t\t\t\t\t\t\t<\/td>\n\t\t\t\t\t\t\t\t\t\t\t\t\t\t\t\t\t\t\t\t\t\t\t\t\t\t\t\t\t   \t\t\t\t\t\t\t\t\t\t\t<td colspan=\"\" rowspan=\"\" class=\"\" id=\"\">\n\t\t\t\t\t\t\t\t\t\t\t\t<div class=\"td-content-wrapper\"><div class=\"td-content\">\n\t\t\t\t\t\t\t\t\t\t\t\t\t\n1 leto\t\t\t\t\t\t\t\t\t\t\t\t<\/div><\/div>\n\t\t\t\t\t\t\t\t\t\t\t<\/td>\n\t\t\t\t\t\t\t\t\t\t\t\t\t\t\t\t\t\t\t\t\t\t\t\t\t\t\t\t\t   \t\t\t\t\t\t\t\t\t\t\t<td colspan=\"\" rowspan=\"\" class=\"\" id=\"\">\n\t\t\t\t\t\t\t\t\t\t\t\t<div class=\"td-content-wrapper\"><div class=\"td-content\">\n\t\t\t\t\t\t\t\t\t\t\t\t\tmariborbikepark.si\t\t\t\t\t\t\t\t\t\t\t\t<\/div><\/div>\n\t\t\t\t\t\t\t\t\t\t\t<\/td>\n\t\t\t\t\t\t\t\t\t\t\t\t\t\t\t\t\t\t\t\t\t\t\t\t\t\t<\/tr>\n\t\t\t        \t\t\t    <\/tbody>\n\t\t\t<\/table>\n\t\t<\/div>\n\t  \t\t\t\t\t<\/div>\n\t\t\t\t<\/div>\n\t\t\t\t\t<\/div>\n\t\t<\/div>\n\t\t\t\t\t<\/div>\n\t\t<\/section>\n\t\t\t\t<div class=\"elementor-element elementor-element-cf237a7 elementor-absolute e-transform elementor-widget elementor-widget-image\" data-id=\"cf237a7\" data-element_type=\"widget\" data-e-type=\"widget\" data-settings=\"{&quot;_position&quot;:&quot;absolute&quot;,&quot;_transform_rotateZ_effect&quot;:{&quot;unit&quot;:&quot;px&quot;,&quot;size&quot;:-25,&quot;sizes&quot;:[]},&quot;_transform_rotateZ_effect_tablet_extra&quot;:{&quot;unit&quot;:&quot;deg&quot;,&quot;size&quot;:&quot;&quot;,&quot;sizes&quot;:[]},&quot;_transform_rotateZ_effect_tablet&quot;:{&quot;unit&quot;:&quot;deg&quot;,&quot;size&quot;:&quot;&quot;,&quot;sizes&quot;:[]},&quot;_transform_rotateZ_effect_mobile_extra&quot;:{&quot;unit&quot;:&quot;deg&quot;,&quot;size&quot;:&quot;&quot;,&quot;sizes&quot;:[]},&quot;_transform_rotateZ_effect_mobile&quot;:{&quot;unit&quot;:&quot;deg&quot;,&quot;size&quot;:&quot;&quot;,&quot;sizes&quot;:[]}}\" data-widget_type=\"image.default\">\n\t\t\t\t<div class=\"elementor-widget-container\">\n\t\t\t\t\t\t\t\t\t\t\t\t\t\t\t<img fetchpriority=\"high\" decoding=\"async\" width=\"800\" height=\"164\" src=\"https:\/\/spank.si\/wp-content\/uploads\/2022\/09\/header-dots-right.svg\" class=\"attachment-large size-large wp-image-4235\" alt=\"\" \/>\t\t\t\t\t\t\t\t\t\t\t\t\t\t\t<\/div>\n\t\t\t\t<\/div>\n\t\t\t\t\t<\/div>\n\t\t<\/div>\n\t\t\t\t\t<\/div>\n\t\t<\/header>\n\t\t\t\t<\/div>\n\t\t","protected":false},"excerpt":{"rendered":"<p>Pi\u0161kotki Da bi vam olaj\u0161ali uporabo na\u0161e spletne strani in jo naredili bolj prijetno, uporabljamo \u00bbpi\u0161kotke\u00ab. Pi\u0161kotki so majhne podatkovne enote, ki nam omogo\u010dajo primerjavo novih in predhodnih obiskovalcev, razumevanje, kako uporabljajo na\u0161o stran. Posredujejo nam podatke, s katerimi lahko naredimo prihodnji obisk spletne strani bolj prijeten in u\u010dinkovit. \u010ce ne \u017eelite uporabljati pi\u0161kotkov, nastavite [&hellip;]<\/p>\n","protected":false},"author":3,"featured_media":0,"parent":0,"menu_order":0,"comment_status":"closed","ping_status":"closed","template":"elementor_header_footer","meta":{"_acf_changed":false,"inline_featured_image":false,"footnotes":""},"class_list":["post-5761","page","type-page","status-publish","hentry"],"acf":[],"yoast_head":"<!-- This site is optimized with the Yoast SEO plugin v27.3 - https:\/\/yoast.com\/product\/yoast-seo-wordpress\/ -->\n<title>Pi\u0161kotki &#8211; Spank<\/title>\n<meta name=\"robots\" content=\"index, follow, max-snippet:-1, max-image-preview:large, max-video-preview:-1\" \/>\n<link rel=\"canonical\" href=\"https:\/\/spank.si\/en\/piskotki\/\" \/>\n<meta property=\"og:locale\" content=\"en_US\" \/>\n<meta property=\"og:type\" content=\"article\" \/>\n<meta property=\"og:title\" content=\"Pi\u0161kotki &#8211; Spank\" \/>\n<meta property=\"og:description\" content=\"Pi\u0161kotki Da bi vam olaj\u0161ali uporabo na\u0161e spletne strani in jo naredili bolj prijetno, uporabljamo \u00bbpi\u0161kotke\u00ab. Pi\u0161kotki so majhne podatkovne enote, ki nam omogo\u010dajo primerjavo novih in predhodnih obiskovalcev, razumevanje, kako uporabljajo na\u0161o stran. Posredujejo nam podatke, s katerimi lahko naredimo prihodnji obisk spletne strani bolj prijeten in u\u010dinkovit. \u010ce ne \u017eelite uporabljati pi\u0161kotkov, nastavite [&hellip;]\" \/>\n<meta property=\"og:url\" content=\"https:\/\/spank.si\/en\/piskotki\/\" \/>\n<meta property=\"og:site_name\" content=\"Spank\" \/>\n<meta property=\"article:publisher\" content=\"https:\/\/www.facebook.com\/VisitMaribor\/\" \/>\n<meta property=\"article:modified_time\" content=\"2023-05-19T12:26:34+00:00\" \/>\n<meta property=\"og:image\" content=\"https:\/\/spank.si\/wp-content\/uploads\/2022\/09\/header-dots-right.svg\" \/>\n<meta name=\"twitter:card\" content=\"summary_large_image\" \/>\n<meta name=\"twitter:label1\" content=\"Est. reading time\" \/>\n\t<meta name=\"twitter:data1\" content=\"1 minute\" \/>\n<script type=\"application\/ld+json\" class=\"yoast-schema-graph\">{\"@context\":\"https:\\\/\\\/schema.org\",\"@graph\":[{\"@type\":\"WebPage\",\"@id\":\"https:\\\/\\\/spank.si\\\/en\\\/piskotki\\\/\",\"url\":\"https:\\\/\\\/spank.si\\\/en\\\/piskotki\\\/\",\"name\":\"Pi\u0161kotki &#8211; Spank\",\"isPartOf\":{\"@id\":\"https:\\\/\\\/spank.si\\\/en\\\/#website\"},\"primaryImageOfPage\":{\"@id\":\"https:\\\/\\\/spank.si\\\/en\\\/piskotki\\\/#primaryimage\"},\"image\":{\"@id\":\"https:\\\/\\\/spank.si\\\/en\\\/piskotki\\\/#primaryimage\"},\"thumbnailUrl\":\"https:\\\/\\\/spank.si\\\/wp-content\\\/uploads\\\/2022\\\/09\\\/header-dots-right.svg\",\"datePublished\":\"2022-09-09T13:08:34+00:00\",\"dateModified\":\"2023-05-19T12:26:34+00:00\",\"breadcrumb\":{\"@id\":\"https:\\\/\\\/spank.si\\\/en\\\/piskotki\\\/#breadcrumb\"},\"inLanguage\":\"en-US\",\"potentialAction\":[{\"@type\":\"ReadAction\",\"target\":[\"https:\\\/\\\/spank.si\\\/en\\\/piskotki\\\/\"]}]},{\"@type\":\"ImageObject\",\"inLanguage\":\"en-US\",\"@id\":\"https:\\\/\\\/spank.si\\\/en\\\/piskotki\\\/#primaryimage\",\"url\":\"https:\\\/\\\/spank.si\\\/wp-content\\\/uploads\\\/2022\\\/09\\\/header-dots-right.svg\",\"contentUrl\":\"https:\\\/\\\/spank.si\\\/wp-content\\\/uploads\\\/2022\\\/09\\\/header-dots-right.svg\"},{\"@type\":\"BreadcrumbList\",\"@id\":\"https:\\\/\\\/spank.si\\\/en\\\/piskotki\\\/#breadcrumb\",\"itemListElement\":[{\"@type\":\"ListItem\",\"position\":1,\"name\":\"Domov\",\"item\":\"https:\\\/\\\/spank.si\\\/en\\\/\"},{\"@type\":\"ListItem\",\"position\":2,\"name\":\"Pi\u0161kotki\"}]},{\"@type\":\"WebSite\",\"@id\":\"https:\\\/\\\/spank.si\\\/en\\\/#website\",\"url\":\"https:\\\/\\\/spank.si\\\/en\\\/\",\"name\":\"Spank\",\"description\":\"\",\"publisher\":{\"@id\":\"https:\\\/\\\/spank.si\\\/en\\\/#organization\"},\"potentialAction\":[{\"@type\":\"SearchAction\",\"target\":{\"@type\":\"EntryPoint\",\"urlTemplate\":\"https:\\\/\\\/spank.si\\\/en\\\/?s={search_term_string}\"},\"query-input\":{\"@type\":\"PropertyValueSpecification\",\"valueRequired\":true,\"valueName\":\"search_term_string\"}}],\"inLanguage\":\"en-US\"},{\"@type\":\"Organization\",\"@id\":\"https:\\\/\\\/spank.si\\\/en\\\/#organization\",\"name\":\"Visit Maribor\",\"url\":\"https:\\\/\\\/spank.si\\\/en\\\/\",\"logo\":{\"@type\":\"ImageObject\",\"inLanguage\":\"en-US\",\"@id\":\"https:\\\/\\\/spank.si\\\/en\\\/#\\\/schema\\\/logo\\\/image\\\/\",\"url\":\"https:\\\/\\\/spank.si\\\/wp-content\\\/uploads\\\/2021\\\/10\\\/visitmaribor_logo.svg\",\"contentUrl\":\"https:\\\/\\\/spank.si\\\/wp-content\\\/uploads\\\/2021\\\/10\\\/visitmaribor_logo.svg\",\"width\":148,\"height\":74,\"caption\":\"Visit Maribor\"},\"image\":{\"@id\":\"https:\\\/\\\/spank.si\\\/en\\\/#\\\/schema\\\/logo\\\/image\\\/\"},\"sameAs\":[\"https:\\\/\\\/www.facebook.com\\\/VisitMaribor\\\/\",\"https:\\\/\\\/www.instagram.com\\\/visitmaribor\\\/\",\"https:\\\/\\\/www.linkedin.com\\\/company\\\/maribor-tourist-board\\\/\",\"https:\\\/\\\/www.youtube.com\\\/user\\\/visitmaribor\"]}]}<\/script>\n<!-- \/ Yoast SEO plugin. -->","yoast_head_json":{"title":"Pi\u0161kotki &#8211; Spank","robots":{"index":"index","follow":"follow","max-snippet":"max-snippet:-1","max-image-preview":"max-image-preview:large","max-video-preview":"max-video-preview:-1"},"canonical":"https:\/\/spank.si\/en\/piskotki\/","og_locale":"en_US","og_type":"article","og_title":"Pi\u0161kotki &#8211; Spank","og_description":"Pi\u0161kotki Da bi vam olaj\u0161ali uporabo na\u0161e spletne strani in jo naredili bolj prijetno, uporabljamo \u00bbpi\u0161kotke\u00ab. Pi\u0161kotki so majhne podatkovne enote, ki nam omogo\u010dajo primerjavo novih in predhodnih obiskovalcev, razumevanje, kako uporabljajo na\u0161o stran. Posredujejo nam podatke, s katerimi lahko naredimo prihodnji obisk spletne strani bolj prijeten in u\u010dinkovit. \u010ce ne \u017eelite uporabljati pi\u0161kotkov, nastavite [&hellip;]","og_url":"https:\/\/spank.si\/en\/piskotki\/","og_site_name":"Spank","article_publisher":"https:\/\/www.facebook.com\/VisitMaribor\/","article_modified_time":"2023-05-19T12:26:34+00:00","og_image":[{"url":"https:\/\/spank.si\/wp-content\/uploads\/2022\/09\/header-dots-right.svg","type":"","width":"","height":""}],"twitter_card":"summary_large_image","twitter_misc":{"Est. reading time":"1 minute"},"schema":{"@context":"https:\/\/schema.org","@graph":[{"@type":"WebPage","@id":"https:\/\/spank.si\/en\/piskotki\/","url":"https:\/\/spank.si\/en\/piskotki\/","name":"Pi\u0161kotki &#8211; Spank","isPartOf":{"@id":"https:\/\/spank.si\/en\/#website"},"primaryImageOfPage":{"@id":"https:\/\/spank.si\/en\/piskotki\/#primaryimage"},"image":{"@id":"https:\/\/spank.si\/en\/piskotki\/#primaryimage"},"thumbnailUrl":"https:\/\/spank.si\/wp-content\/uploads\/2022\/09\/header-dots-right.svg","datePublished":"2022-09-09T13:08:34+00:00","dateModified":"2023-05-19T12:26:34+00:00","breadcrumb":{"@id":"https:\/\/spank.si\/en\/piskotki\/#breadcrumb"},"inLanguage":"en-US","potentialAction":[{"@type":"ReadAction","target":["https:\/\/spank.si\/en\/piskotki\/"]}]},{"@type":"ImageObject","inLanguage":"en-US","@id":"https:\/\/spank.si\/en\/piskotki\/#primaryimage","url":"https:\/\/spank.si\/wp-content\/uploads\/2022\/09\/header-dots-right.svg","contentUrl":"https:\/\/spank.si\/wp-content\/uploads\/2022\/09\/header-dots-right.svg"},{"@type":"BreadcrumbList","@id":"https:\/\/spank.si\/en\/piskotki\/#breadcrumb","itemListElement":[{"@type":"ListItem","position":1,"name":"Domov","item":"https:\/\/spank.si\/en\/"},{"@type":"ListItem","position":2,"name":"Pi\u0161kotki"}]},{"@type":"WebSite","@id":"https:\/\/spank.si\/en\/#website","url":"https:\/\/spank.si\/en\/","name":"Spank","description":"","publisher":{"@id":"https:\/\/spank.si\/en\/#organization"},"potentialAction":[{"@type":"SearchAction","target":{"@type":"EntryPoint","urlTemplate":"https:\/\/spank.si\/en\/?s={search_term_string}"},"query-input":{"@type":"PropertyValueSpecification","valueRequired":true,"valueName":"search_term_string"}}],"inLanguage":"en-US"},{"@type":"Organization","@id":"https:\/\/spank.si\/en\/#organization","name":"Visit Maribor","url":"https:\/\/spank.si\/en\/","logo":{"@type":"ImageObject","inLanguage":"en-US","@id":"https:\/\/spank.si\/en\/#\/schema\/logo\/image\/","url":"https:\/\/spank.si\/wp-content\/uploads\/2021\/10\/visitmaribor_logo.svg","contentUrl":"https:\/\/spank.si\/wp-content\/uploads\/2021\/10\/visitmaribor_logo.svg","width":148,"height":74,"caption":"Visit Maribor"},"image":{"@id":"https:\/\/spank.si\/en\/#\/schema\/logo\/image\/"},"sameAs":["https:\/\/www.facebook.com\/VisitMaribor\/","https:\/\/www.instagram.com\/visitmaribor\/","https:\/\/www.linkedin.com\/company\/maribor-tourist-board\/","https:\/\/www.youtube.com\/user\/visitmaribor"]}]}},"_links":{"self":[{"href":"https:\/\/spank.si\/en\/wp-json\/wp\/v2\/pages\/5761","targetHints":{"allow":["GET"]}}],"collection":[{"href":"https:\/\/spank.si\/en\/wp-json\/wp\/v2\/pages"}],"about":[{"href":"https:\/\/spank.si\/en\/wp-json\/wp\/v2\/types\/page"}],"author":[{"embeddable":true,"href":"https:\/\/spank.si\/en\/wp-json\/wp\/v2\/users\/3"}],"replies":[{"embeddable":true,"href":"https:\/\/spank.si\/en\/wp-json\/wp\/v2\/comments?post=5761"}],"version-history":[{"count":1,"href":"https:\/\/spank.si\/en\/wp-json\/wp\/v2\/pages\/5761\/revisions"}],"predecessor-version":[{"id":5762,"href":"https:\/\/spank.si\/en\/wp-json\/wp\/v2\/pages\/5761\/revisions\/5762"}],"wp:attachment":[{"href":"https:\/\/spank.si\/en\/wp-json\/wp\/v2\/media?parent=5761"}],"curies":[{"name":"wp","href":"https:\/\/api.w.org\/{rel}","templated":true}]}}